{"id":188,"date":"2016-07-13T14:58:04","date_gmt":"2016-07-13T11:58:04","guid":{"rendered":"http:\/\/unicom.ee\/?page_id=188"},"modified":"2017-12-05T18:14:01","modified_gmt":"2017-12-05T16:14:01","slug":"kujundus-ja-kuljendus","status":"publish","type":"page","link":"https:\/\/www.unicom.ee\/fi\/teenused\/tekstien-taitto-ja-muotoilu\/","title":{"rendered":"TEKSTIEN TAITTO JA MUOTOILU"},"content":{"rendered":"<p>Tekstien taittoa tarjoajamme lis\u00e4palveluna k\u00e4\u00e4nn\u00f6stoimistossamme k\u00e4\u00e4nnetyille materiaaleille.<br \/>\nTaitto antaa k\u00e4\u00e4nnetylle tekstille (esimerkiksi k\u00e4ytt\u00f6ohjeet, tuotekuvaukset ym.) samanlaisen ulkoasun kuin alkuper\u00e4istekstiss\u00e4: tekstin sijoittelu, otsikot, kuvat, taulukot jne.<br \/>\nTarvittaessa tekstin ulkoasua voi my\u00f6s muuttaa: muotoilla teksti\u00e4, lis\u00e4t\u00e4 kuvia, logoja ym. T\u00e4ll\u00e4 alalla emme pyri kuitenkaan kilpailemaan mainos- ja muotoilutoimistojen kanssa.<\/p>\n<p>Taitto- ja muotoiluty\u00f6ss\u00e4 k\u00e4yt\u00e4mme l\u00e4hinn\u00e4 seuraavia ty\u00f6kaluja:<br \/>\n<em>Adobe Acrobat, Adobe FrameMaker, Adobe InDesign, Adobe PageMaker, Adobe PhotoShop, HTML \/ XHTML, Quicksilver (Interleaf), Microsoft Access, Microsoft Excel, Microsoft PowerPoint, Microsoft Word, QuarkXpress, Adobe Acrobat Professional, Visio, AutoCAD, XML, Microsoft Publisher, Microsoft FrontPage, Adobe Flash, Adobe Freehand, ABBYY FineReader, Open Office, OSX Pages\/Numbers.<\/em><\/p>\n<h2>PAINOVALMISTELU JA PAINATUS<\/h2>\n<p>Tarjoamme my\u00f6s painovalmistelua ja tarvittaessa j\u00e4rjest\u00e4mme koko painatusprosessin \u2013 eli me hoidamme k\u00e4\u00e4nt\u00e4misen, taiton ja painovalmistelun sek\u00e4 tilaamme painatuksen, asiakas saa lopputuloksena valmiit julkaisut.<\/p>\n<p>Tulostustiedoston laadintaa varten tarvitsemme tietoa kirjapainon esitt\u00e4mist\u00e4 vaatimuksista tai viittauksen kirjapainoon, jotta voisimme itse l\u00f6yt\u00e4\u00e4 tarvittavat tiedot.<\/p>\n<p><a href=\"http:\/\/www.unicom.ee\/kontakt\/\"><button>KYSYK\u00c4\u00c4 LIS\u00c4TIETOA TAI PYYT\u00c4K\u00c4\u00c4 TARJOUS PROJEKTIP\u00c4\u00c4LLIK\u00d6LT\u00c4MME!<\/button><\/a><\/p>","protected":false},"excerpt":{"rendered":"<p>Tekstien taittoa tarjoajamme lis\u00e4palveluna k\u00e4\u00e4nn\u00f6stoimistossamme k\u00e4\u00e4nnetyille materiaaleille. Taitto antaa k\u00e4\u00e4nnetylle tekstille (esimerkiksi k\u00e4ytt\u00f6ohjeet, tuotekuvaukset ym.) samanlaisen ulkoasun kuin alkuper\u00e4istekstiss\u00e4: tekstin sijoittelu, otsikot, kuvat, taulukot jne. Tarvittaessa tekstin ulkoasua voi my\u00f6s muuttaa: muotoilla teksti\u00e4, lis\u00e4t\u00e4 kuvia, logoja ym. T\u00e4ll\u00e4 alalla emme pyri kuitenkaan kilpailemaan mainos- ja muotoilutoimistojen kanssa. Taitto- ja muotoiluty\u00f6ss\u00e4 k\u00e4yt\u00e4mme l\u00e4hinn\u00e4 seuraavia ty\u00f6kaluja: Adobe &hellip; <a href=\"https:\/\/www.unicom.ee\/fi\/teenused\/tekstien-taitto-ja-muotoilu\/\" class=\"more-link\">Jatka lukemista<span class=\"screen-reader-text\"> &#8221;TEKSTIEN TAITTO JA MUOTOILU&#8221;<\/span><\/a><\/p>\n","protected":false},"author":1,"featured_media":0,"parent":9,"menu_order":5,"comment_status":"closed","ping_status":"closed","template":"","meta":{"footnotes":""},"_links":{"self":[{"href":"https:\/\/www.unicom.ee\/fi\/wp-json\/wp\/v2\/pages\/188"}],"collection":[{"href":"https:\/\/www.unicom.ee\/fi\/wp-json\/wp\/v2\/pages"}],"about":[{"href":"https:\/\/www.unicom.ee\/fi\/wp-json\/wp\/v2\/types\/page"}],"author":[{"embeddable":true,"href":"https:\/\/www.unicom.ee\/fi\/wp-json\/wp\/v2\/users\/1"}],"replies":[{"embeddable":true,"href":"https:\/\/www.unicom.ee\/fi\/wp-json\/wp\/v2\/comments?post=188"}],"version-history":[{"count":5,"href":"https:\/\/www.unicom.ee\/fi\/wp-json\/wp\/v2\/pages\/188\/revisions"}],"predecessor-version":[{"id":750,"href":"https:\/\/www.unicom.ee\/fi\/wp-json\/wp\/v2\/pages\/188\/revisions\/750"}],"up":[{"embeddable":true,"href":"https:\/\/www.unicom.ee\/fi\/wp-json\/wp\/v2\/pages\/9"}],"wp:attachment":[{"href":"https:\/\/www.unicom.ee\/fi\/wp-json\/wp\/v2\/media?parent=188"}],"curies":[{"name":"wp","href":"https:\/\/api.w.org\/{rel}","templated":true}]}}