{"id":9,"date":"2016-05-05T11:37:29","date_gmt":"2016-05-05T08:37:29","guid":{"rendered":"http:\/\/unicom.ee\/?page_id=9"},"modified":"2017-01-24T19:11:14","modified_gmt":"2017-01-24T17:11:14","slug":"teenused","status":"publish","type":"page","link":"https:\/\/www.unicom.ee\/fi\/teenused\/","title":{"rendered":"PALVELUMME"},"content":{"rendered":"<p>Tarjoamme asiakkaille kaikkia perinteisi\u00e4 k\u00e4\u00e4nn\u00f6spalveluita (kirjalliset k\u00e4\u00e4nn\u00f6kset, suullinen tulkkaus, viralliset k\u00e4\u00e4nn\u00f6kset), lis\u00e4ksi tekstien toimittamista ja oikolukua, tarvittaessa my\u00f6s taittoa ja painatusta. Lis\u00e4ksi tarjoamme elokuvien ym. audiovisuaalisen materiaalin k\u00e4\u00e4nt\u00e4mist\u00e4 ja tekstityst\u00e4.<\/p>\n<p>Teemme yhteisty\u00f6t\u00e4 yli 1600 ammattik\u00e4\u00e4nt\u00e4j\u00e4n kanssa kautta maailman. Asiakkaiden kanssa asioivat kokeneet projektip\u00e4\u00e4llik\u00f6t, jotka huolehtivat siit\u00e4, ett\u00e4 jokainen k\u00e4\u00e4nn\u00f6sty\u00f6 valmistuu ajoissa ja kaikkia asianmukaisia vaatimuksia noudattaen \u2013 sek\u00e4 samalla asiakkaan kannalta edullisesti ja mukavasti. Noudatamme ty\u00f6ss\u00e4mme eurooppalaista k\u00e4\u00e4nn\u00f6sstandardia EN-15038:2006 sek\u00e4 vastaavaa virolaista standardia EVS-EN 15038:2007.<\/p>\n<p>Tilaamalla k\u00e4\u00e4nn\u00f6ksenne meilt\u00e4, voitte olla varma, ett\u00e4 tulos on laadukas, tarkastettu ja luotettava.<\/p>\n<p>&nbsp;<\/p>","protected":false},"excerpt":{"rendered":"<p>Tarjoamme asiakkaille kaikkia perinteisi\u00e4 k\u00e4\u00e4nn\u00f6spalveluita (kirjalliset k\u00e4\u00e4nn\u00f6kset, suullinen tulkkaus, viralliset k\u00e4\u00e4nn\u00f6kset), lis\u00e4ksi tekstien toimittamista ja oikolukua, tarvittaessa my\u00f6s taittoa ja painatusta. Lis\u00e4ksi tarjoamme elokuvien ym. audiovisuaalisen materiaalin k\u00e4\u00e4nt\u00e4mist\u00e4 ja tekstityst\u00e4. Teemme yhteisty\u00f6t\u00e4 yli 1600 ammattik\u00e4\u00e4nt\u00e4j\u00e4n kanssa kautta maailman. Asiakkaiden kanssa asioivat kokeneet projektip\u00e4\u00e4llik\u00f6t, jotka huolehtivat siit\u00e4, ett\u00e4 jokainen k\u00e4\u00e4nn\u00f6sty\u00f6 valmistuu ajoissa ja kaikkia asianmukaisia vaatimuksia &hellip; <a href=\"https:\/\/www.unicom.ee\/fi\/teenused\/\" class=\"more-link\">Jatka lukemista<span class=\"screen-reader-text\"> &#8221;PALVELUMME&#8221;<\/span><\/a><\/p>\n","protected":false},"author":1,"featured_media":0,"parent":0,"menu_order":0,"comment_status":"closed","ping_status":"closed","template":"","meta":{"footnotes":""},"_links":{"self":[{"href":"https:\/\/www.unicom.ee\/fi\/wp-json\/wp\/v2\/pages\/9"}],"collection":[{"href":"https:\/\/www.unicom.ee\/fi\/wp-json\/wp\/v2\/pages"}],"about":[{"href":"https:\/\/www.unicom.ee\/fi\/wp-json\/wp\/v2\/types\/page"}],"author":[{"embeddable":true,"href":"https:\/\/www.unicom.ee\/fi\/wp-json\/wp\/v2\/users\/1"}],"replies":[{"embeddable":true,"href":"https:\/\/www.unicom.ee\/fi\/wp-json\/wp\/v2\/comments?post=9"}],"version-history":[{"count":5,"href":"https:\/\/www.unicom.ee\/fi\/wp-json\/wp\/v2\/pages\/9\/revisions"}],"predecessor-version":[{"id":310,"href":"https:\/\/www.unicom.ee\/fi\/wp-json\/wp\/v2\/pages\/9\/revisions\/310"}],"wp:attachment":[{"href":"https:\/\/www.unicom.ee\/fi\/wp-json\/wp\/v2\/media?parent=9"}],"curies":[{"name":"wp","href":"https:\/\/api.w.org\/{rel}","templated":true}]}}